{"id":8,"date":"2025-09-24T13:59:28","date_gmt":"2025-09-24T13:59:28","guid":{"rendered":"https:\/\/draft.lyomark.com\/?page_id=8"},"modified":"2026-04-30T14:18:03","modified_gmt":"2026-04-30T14:18:03","slug":"home","status":"publish","type":"page","link":"https:\/\/lyomark.com\/en\/","title":{"rendered":"Home"},"content":{"rendered":"<div class=\"wp-block-group alignwide has-global-padding is-layout-constrained wp-block-group-is-layout-constrained\">\n<div class=\"wp-block-group alignwide homehero is-nowrap is-layout-flex wp-container-core-group-is-layout-85a00b71 wp-block-group-is-layout-flex\" style=\"padding-top:var(--wp--preset--spacing--xx-large);padding-bottom:0\">\n<div class=\"wp-block-group has-global-padding is-layout-constrained wp-block-group-is-layout-constrained\">\n<h1 class=\"wp-block-heading\" style=\"line-height:1.2\">Lyomark \u2013 Your partner for sterile pharmaceutical products in the hospital sector<\/h1>\n\n\n\n<div class=\"wp-block-buttons is-layout-flex wp-container-core-buttons-is-layout-004c733a wp-block-buttons-is-layout-flex\">\n<div class=\"wp-block-button\"><a class=\"wp-block-button__link wp-element-button\" href=\"\/en\/company\/\">Learn more<\/a><\/div>\n\n\n\n<div class=\"wp-block-button is-style-outline is-style-outline--1\"><a class=\"wp-block-button__link wp-element-button\" href=\"#contactfooter\">Get in touch<\/a><\/div>\n<\/div>\n<\/div>\n\n\n\n<div class=\"wp-block-group herogrid animated fadeIn has-global-padding is-layout-constrained wp-container-core-group-is-layout-408b0d65 wp-block-group-is-layout-constrained\" style=\"padding-right:0px;padding-left:0px\">\n<div class=\"wp-block-group contImgOne has-global-padding is-layout-constrained wp-block-group-is-layout-constrained\">\n<figure class=\"wp-block-image size-full has-custom-border imgOne\"><img alt=\"\" loading=\"lazy\" decoding=\"async\" width=\"1200\" height=\"800\" src=\"https:\/\/lyomark.com\/site\/wp-content\/uploads\/lyomark_04.jpg\" class=\"wp-image-4765\" style=\"border-radius:15px;aspect-ratio:1;object-fit:cover\" srcset=\"https:\/\/lyomark.com\/site\/wp-content\/uploads\/lyomark_04.jpg 1200w, https:\/\/lyomark.com\/site\/wp-content\/uploads\/lyomark_04-300x200.jpg 300w, https:\/\/lyomark.com\/site\/wp-content\/uploads\/lyomark_04-1024x683.jpg 1024w, https:\/\/lyomark.com\/site\/wp-content\/uploads\/lyomark_04-768x512.jpg 768w\" sizes=\"auto, (max-width: 1200px) 100vw, 1200px\" \/><\/figure>\n<\/div>\n\n\n\n<figure class=\"wp-block-image size-full has-custom-border imgTwo\"><img alt=\"\" loading=\"lazy\" decoding=\"async\" width=\"1024\" height=\"1024\" src=\"https:\/\/lyomark.com\/site\/wp-content\/uploads\/surfactant-1.webp\" class=\"wp-image-4807\" style=\"border-radius:15px;aspect-ratio:1;object-fit:cover\" srcset=\"https:\/\/lyomark.com\/site\/wp-content\/uploads\/surfactant-1.webp 1024w, https:\/\/lyomark.com\/site\/wp-content\/uploads\/surfactant-1-300x300.webp 300w, https:\/\/lyomark.com\/site\/wp-content\/uploads\/surfactant-1-150x150.webp 150w, https:\/\/lyomark.com\/site\/wp-content\/uploads\/surfactant-1-768x768.webp 768w\" sizes=\"auto, (max-width: 1024px) 100vw, 1024px\" \/><\/figure>\n\n\n\n<figure class=\"wp-block-image size-full has-custom-border imgThree\"><img alt=\"\" loading=\"lazy\" decoding=\"async\" width=\"1024\" height=\"1024\" src=\"https:\/\/lyomark.com\/site\/wp-content\/uploads\/vials-production.webp\" class=\"wp-image-4781\" style=\"border-radius:15px;aspect-ratio:1;object-fit:cover\" srcset=\"https:\/\/lyomark.com\/site\/wp-content\/uploads\/vials-production.webp 1024w, https:\/\/lyomark.com\/site\/wp-content\/uploads\/vials-production-300x300.webp 300w, https:\/\/lyomark.com\/site\/wp-content\/uploads\/vials-production-150x150.webp 150w, https:\/\/lyomark.com\/site\/wp-content\/uploads\/vials-production-768x768.webp 768w\" sizes=\"auto, (max-width: 1024px) 100vw, 1024px\" \/><\/figure>\n<\/div>\n<\/div>\n<\/div>\n\n\n\n<div class=\"wp-block-group alignfull mission has-tertiary-background-color has-background is-layout-flow wp-block-group-is-layout-flow\" style=\"margin-top:-200px;margin-bottom:0px\">\n<div class=\"wp-block-group alignfull wavy-divider-remove-margin wavy-divider-remove-padding has-tertiary-background-color has-background is-layout-flow wp-block-group-is-layout-flow\" style=\"margin-top:0;margin-bottom:0;padding-right:0px;padding-left:0px\">\n<div class=\"wp-block-wavy-wavy-divider alignfull has-base-background-color has-background\"><svg fill=\"none\" role=\"separator\" viewbox=\"0 0 100 500\" preserveaspectratio=\"none\" aria-orientation=\"horizontal\" aria-hidden=\"true\" style=\"height:500px;width:100%;display:block\"><path style=\"transition:all .5s ease;opacity:1\" fill=\"var(--wp--preset--color--base)\" d=\"M 0,300 Q 50,500 100,0 V 0 H 0 Z\"><\/path><\/svg><\/div>\n<\/div>\n\n\n\n<div class=\"wp-block-group alignwide has-tertiary-background-color has-background has-global-padding is-layout-constrained wp-container-core-group-is-layout-6dbe9be8 wp-block-group-is-layout-constrained\" style=\"padding-top:0;padding-bottom:0\">\n<div class=\"wp-block-columns alignwide is-layout-flex wp-container-core-columns-is-layout-fb187c8c wp-block-columns-is-layout-flex\">\n<div class=\"wp-block-column is-vertically-aligned-center is-layout-flow wp-block-column-is-layout-flow\" style=\"flex-basis:100%\">\n<div class=\"wp-block-group has-global-padding is-layout-constrained wp-block-group-is-layout-constrained\">\n<h2 class=\"wp-block-heading has-text-align-left\" style=\"line-height:1.3\">For over 30 years, we have stood for the highest quality, innovative strength, and collaborative partnerships in the pharmaceutical industry.<\/h2>\n<\/div>\n<\/div>\n\n\n\n<div class=\"wp-block-column is-vertically-aligned-stretch is-layout-flow wp-container-core-column-is-layout-a77db08e wp-block-column-is-layout-flow\" style=\"border-right-color:var(--wp--preset--color--main-accent);border-right-width:2px;flex-basis:2px\"><\/div>\n\n\n\n<div class=\"wp-block-column is-vertically-aligned-center is-layout-flow wp-block-column-is-layout-flow\" style=\"flex-basis:100%\">\n<div class=\"wp-block-group has-global-padding is-layout-constrained wp-block-group-is-layout-constrained\">\n<p>Lyomark Pharma is a medium-sized company based in Oberhaching, near Munich. We develop, produce, and distribute both freeze-dried (lyophilised) and liquid sterile products for the hospital market. <\/p>\n\n\n\n<p>Our customers benefit from tailor-made solutions, in-depth expertise and a dedicated team that prioritises partnership.<\/p>\n<\/div>\n<\/div>\n<\/div>\n\n\n\n<div class=\"wp-block-group alignwide has-global-padding is-layout-constrained wp-container-core-group-is-layout-23cc8a20 wp-block-group-is-layout-constrained\">\n<div class=\"wp-block-group alignwide homegrid is-layout-grid wp-container-core-group-is-layout-77182d5d wp-block-group-is-layout-grid\">\n<div class=\"wp-block-group alignfull gridbox has-base-background-color has-background has-global-padding is-layout-constrained wp-container-core-group-is-layout-2264c5ce wp-block-group-is-layout-constrained\" style=\"border-top-left-radius:15px;border-top-right-radius:15px;border-bottom-left-radius:15px;border-bottom-right-radius:15px;border-bottom-color:var(--wp--preset--color--custom-product-green);border-bottom-width:4px;margin-top:0px;margin-bottom:0px;padding-top:var(--wp--preset--spacing--medium);padding-right:var(--wp--preset--spacing--medium);padding-bottom:var(--wp--preset--spacing--medium);padding-left:var(--wp--preset--spacing--medium);box-shadow:var(--wp--preset--shadow--small-light)\">\n<h3 class=\"wp-block-heading\" style=\"padding-bottom:var(--wp--preset--spacing--large)\">Contract Manufacturing &amp; Development<\/h3>\n\n\n\n<div class=\"wp-block-columns alignwide is-layout-flex wp-container-core-columns-is-layout-e488c22b wp-block-columns-is-layout-flex\" style=\"margin-top:0px;margin-bottom:0px\">\n<div class=\"wp-block-column is-vertically-aligned-top is-layout-flow wp-container-core-column-is-layout-8a368f38 wp-block-column-is-layout-flow\" style=\"flex-basis:33%\">\n<div class=\"wp-block-cover is-light is-style-rounded-cover has-aspect-ratio\" style=\"border-top-left-radius:15px;border-top-right-radius:15px;border-bottom-left-radius:15px;border-bottom-right-radius:15px;aspect-ratio:1;min-height:unset;\"><img loading=\"lazy\" decoding=\"async\" width=\"300\" height=\"300\" class=\"wp-block-cover__image-background wp-image-4791 size-medium\" alt=\"contract manufacturing\" src=\"https:\/\/lyomark.com\/site\/wp-content\/uploads\/auftragsfertigung-300x300.webp\" data-object-fit=\"cover\" srcset=\"https:\/\/lyomark.com\/site\/wp-content\/uploads\/auftragsfertigung-300x300.webp 300w, https:\/\/lyomark.com\/site\/wp-content\/uploads\/auftragsfertigung-150x150.webp 150w, https:\/\/lyomark.com\/site\/wp-content\/uploads\/auftragsfertigung-768x768.webp 768w, https:\/\/lyomark.com\/site\/wp-content\/uploads\/auftragsfertigung.webp 1024w\" sizes=\"auto, (max-width: 300px) 100vw, 300px\" \/><span aria-hidden=\"true\" class=\"wp-block-cover__background has-background-dim-0 has-background-dim\" style=\"background-color:#dddddb\"><\/span><div class=\"wp-block-cover__inner-container is-layout-flow wp-block-cover-is-layout-flow\">\n<p class=\"has-text-align-center has-large-font-size\"><\/p>\n<\/div><\/div>\n<\/div>\n\n\n\n<div class=\"wp-block-column is-vertically-aligned-top is-layout-flow wp-container-core-column-is-layout-5e176dee wp-block-column-is-layout-flow\" style=\"padding-bottom:var(--wp--preset--spacing--small)\">\n<div class=\"wp-block-group has-global-padding is-layout-constrained wp-container-core-group-is-layout-f5f3bcb8 wp-block-group-is-layout-constrained\">\n<ul class=\"wp-block-list\">\n<li>Development of pharmaceutical formulations from pilot scale to commercial production<\/li>\n\n\n\n<li>Manufacture and packaging of lyophilised products (freeze-dried medicines) and injectable solutions<\/li>\n\n\n\n<li>Specialising in sterile pharmaceuticals for the international hospital market<\/li>\n<\/ul>\n<\/div>\n\n\n\n<div class=\"wp-block-buttons gbutton is-layout-flex wp-block-buttons-is-layout-flex\">\n<div class=\"wp-block-button is-style-fill\"><a class=\"wp-block-button__link wp-element-button\" href=\"\/en\/business-streams\/#fertigung\" style=\"border-bottom-left-radius:0px;border-bottom-right-radius:10px\">Learn more<\/a><\/div>\n<\/div>\n<\/div>\n<\/div>\n<\/div>\n\n\n\n<div class=\"wp-block-group alignfull gridbox has-base-background-color has-background has-global-padding is-layout-constrained wp-container-core-group-is-layout-72639c7a wp-block-group-is-layout-constrained\" style=\"border-top-left-radius:15px;border-top-right-radius:15px;border-bottom-left-radius:15px;border-bottom-right-radius:15px;border-bottom-color:var(--wp--preset--color--custom-product-green);border-bottom-width:4px;margin-top:0px;margin-bottom:0px;padding-top:var(--wp--preset--spacing--medium);padding-right:var(--wp--preset--spacing--medium);padding-bottom:var(--wp--preset--spacing--medium);padding-left:var(--wp--preset--spacing--medium);box-shadow:var(--wp--preset--shadow--small-light)\">\n<h3 class=\"wp-block-heading\" style=\"padding-bottom:var(--wp--preset--spacing--large)\">Pharmaceutical Active Ingredients<\/h3>\n\n\n\n<div class=\"wp-block-columns alignwide is-layout-flex wp-container-core-columns-is-layout-e488c22b wp-block-columns-is-layout-flex\" style=\"margin-top:0px;margin-bottom:0px\">\n<div class=\"wp-block-column is-vertically-aligned-top is-layout-flow wp-block-column-is-layout-flow\" style=\"flex-basis:33%\">\n<div class=\"wp-block-cover is-light is-style-rounded-cover has-aspect-ratio\" style=\"border-top-left-radius:15px;border-top-right-radius:15px;border-bottom-left-radius:15px;border-bottom-right-radius:15px;aspect-ratio:1;min-height:unset;\"><img loading=\"lazy\" decoding=\"async\" width=\"300\" height=\"300\" class=\"wp-block-cover__image-background wp-image-4794 size-medium\" alt=\"Logistics\" src=\"https:\/\/lyomark.com\/site\/wp-content\/uploads\/logistik-300x300.webp\" data-object-fit=\"cover\" srcset=\"https:\/\/lyomark.com\/site\/wp-content\/uploads\/logistik-300x300.webp 300w, https:\/\/lyomark.com\/site\/wp-content\/uploads\/logistik-150x150.webp 150w, https:\/\/lyomark.com\/site\/wp-content\/uploads\/logistik-768x768.webp 768w, https:\/\/lyomark.com\/site\/wp-content\/uploads\/logistik.webp 1024w\" sizes=\"auto, (max-width: 300px) 100vw, 300px\" \/><span aria-hidden=\"true\" class=\"wp-block-cover__background has-background-dim-0 has-background-dim\" style=\"background-color:#dddddb\"><\/span><div class=\"wp-block-cover__inner-container is-layout-flow wp-block-cover-is-layout-flow\">\n<p class=\"has-text-align-center has-large-font-size\"><\/p>\n<\/div><\/div>\n<\/div>\n\n\n\n<div class=\"wp-block-column is-vertically-aligned-top is-layout-flow wp-container-core-column-is-layout-5e176dee wp-block-column-is-layout-flow\" style=\"padding-bottom:var(--wp--preset--spacing--small)\">\n<div class=\"wp-block-group has-global-padding is-layout-constrained wp-container-core-group-is-layout-f5f3bcb8 wp-block-group-is-layout-constrained\">\n<ul class=\"wp-block-list\">\n<li>Market analysis and selection of suitable suppliers<\/li>\n\n\n\n<li>Provision of all relevant documentation (e.g., CEP, EDMF)<\/li>\n\n\n\n<li>GMP-compliant storage and on-time delivery<\/li>\n<\/ul>\n<\/div>\n\n\n\n<div class=\"wp-block-buttons gbutton is-layout-flex wp-block-buttons-is-layout-flex\">\n<div class=\"wp-block-button is-style-fill\"><a class=\"wp-block-button__link wp-element-button\" href=\"\/en\/business-streams\/#wirkstoffe\" style=\"border-bottom-left-radius:0px;border-bottom-right-radius:10px\">Learn more<\/a><\/div>\n<\/div>\n<\/div>\n<\/div>\n<\/div>\n<\/div>\n\n\n\n<div class=\"wp-block-group alignwide homegrid is-layout-grid wp-container-core-group-is-layout-77182d5d wp-block-group-is-layout-grid\">\n<div class=\"wp-block-group alignfull gridbox has-base-background-color has-background has-global-padding is-layout-constrained wp-container-core-group-is-layout-72639c7a wp-block-group-is-layout-constrained\" style=\"border-top-left-radius:15px;border-top-right-radius:15px;border-bottom-left-radius:15px;border-bottom-right-radius:15px;border-bottom-color:var(--wp--preset--color--custom-product-green);border-bottom-width:4px;margin-top:0px;margin-bottom:0px;padding-top:var(--wp--preset--spacing--medium);padding-right:var(--wp--preset--spacing--medium);padding-bottom:var(--wp--preset--spacing--medium);padding-left:var(--wp--preset--spacing--medium);box-shadow:var(--wp--preset--shadow--small-light)\">\n<h3 class=\"wp-block-heading\" style=\"padding-bottom:var(--wp--preset--spacing--large)\">Regulatory Services<\/h3>\n\n\n\n<div class=\"wp-block-columns alignwide is-layout-flex wp-container-core-columns-is-layout-e488c22b wp-block-columns-is-layout-flex\" style=\"margin-top:0px;margin-bottom:0px\">\n<div class=\"wp-block-column is-vertically-aligned-top is-layout-flow wp-block-column-is-layout-flow\" style=\"flex-basis:33%\">\n<div class=\"wp-block-cover is-style-rounded-cover has-aspect-ratio\" style=\"border-top-left-radius:15px;border-top-right-radius:15px;border-bottom-left-radius:15px;border-bottom-right-radius:15px;aspect-ratio:1;min-height:unset;\"><img loading=\"lazy\" decoding=\"async\" width=\"300\" height=\"300\" class=\"wp-block-cover__image-background wp-image-4801 size-medium\" alt=\"regulatory services\" src=\"https:\/\/lyomark.com\/site\/wp-content\/uploads\/regulatory-services-300x300.webp\" data-object-fit=\"cover\" srcset=\"https:\/\/lyomark.com\/site\/wp-content\/uploads\/regulatory-services-300x300.webp 300w, https:\/\/lyomark.com\/site\/wp-content\/uploads\/regulatory-services-150x150.webp 150w, https:\/\/lyomark.com\/site\/wp-content\/uploads\/regulatory-services-768x768.webp 768w, https:\/\/lyomark.com\/site\/wp-content\/uploads\/regulatory-services.webp 1024w\" sizes=\"auto, (max-width: 300px) 100vw, 300px\" \/><span aria-hidden=\"true\" class=\"wp-block-cover__background has-background-dim-0 has-background-dim\" style=\"background-color:#dddddb\"><\/span><div class=\"wp-block-cover__inner-container is-layout-flow wp-block-cover-is-layout-flow\">\n<p class=\"has-text-align-center has-large-font-size\"><\/p>\n<\/div><\/div>\n<\/div>\n\n\n\n<div class=\"wp-block-column is-vertically-aligned-top is-layout-flow wp-container-core-column-is-layout-5e176dee wp-block-column-is-layout-flow\" style=\"padding-bottom:var(--wp--preset--spacing--small)\">\n<div class=\"wp-block-group has-global-padding is-layout-constrained wp-container-core-group-is-layout-f5f3bcb8 wp-block-group-is-layout-constrained\">\n<ul class=\"wp-block-list\">\n<li>Creation of Product Quality Reviews (PQR) and Periodic Safety Update Reports (PSUR)<\/li>\n\n\n\n<li>Creation of Regulatory Dossiers (eCTD)<\/li>\n\n\n\n<li>Regular database queries and support with approval processes<\/li>\n<\/ul>\n<\/div>\n\n\n\n<div class=\"wp-block-buttons gbutton is-layout-flex wp-block-buttons-is-layout-flex\">\n<div class=\"wp-block-button is-style-fill\"><a class=\"wp-block-button__link wp-element-button\" href=\"\/en\/business-streams\/#dienstleistungen\" style=\"border-bottom-left-radius:0px;border-bottom-right-radius:10px\">Learn more<\/a><\/div>\n<\/div>\n<\/div>\n<\/div>\n<\/div>\n\n\n\n<div class=\"wp-block-group alignfull gridbox has-base-background-color has-background has-global-padding is-layout-constrained wp-container-core-group-is-layout-72639c7a wp-block-group-is-layout-constrained\" style=\"border-top-left-radius:15px;border-top-right-radius:15px;border-bottom-left-radius:15px;border-bottom-right-radius:15px;border-bottom-color:var(--wp--preset--color--custom-product-green);border-bottom-width:4px;margin-top:0px;margin-bottom:0px;padding-top:var(--wp--preset--spacing--medium);padding-right:var(--wp--preset--spacing--medium);padding-bottom:var(--wp--preset--spacing--medium);padding-left:var(--wp--preset--spacing--medium);box-shadow:var(--wp--preset--shadow--small-light)\">\n<h3 class=\"wp-block-heading\" style=\"padding-right:var(--wp--preset--spacing--medium);padding-bottom:var(--wp--preset--spacing--large)\">Sales &amp; Partnerships<\/h3>\n\n\n\n<div class=\"wp-block-columns alignwide is-layout-flex wp-container-core-columns-is-layout-e488c22b wp-block-columns-is-layout-flex\" style=\"margin-top:0px;margin-bottom:0px\">\n<div class=\"wp-block-column is-vertically-aligned-top is-layout-flow wp-block-column-is-layout-flow\" style=\"flex-basis:33%\">\n<div class=\"wp-block-cover is-light is-style-rounded-cover has-aspect-ratio\" style=\"border-top-left-radius:15px;border-top-right-radius:15px;border-bottom-left-radius:15px;border-bottom-right-radius:15px;aspect-ratio:1;min-height:unset;\"><img loading=\"lazy\" decoding=\"async\" width=\"300\" height=\"300\" class=\"wp-block-cover__image-background wp-image-4799 size-medium\" alt=\"Sales\" src=\"https:\/\/lyomark.com\/site\/wp-content\/uploads\/vertrieb-1-300x300.webp\" data-object-fit=\"cover\" srcset=\"https:\/\/lyomark.com\/site\/wp-content\/uploads\/vertrieb-1-300x300.webp 300w, https:\/\/lyomark.com\/site\/wp-content\/uploads\/vertrieb-1-150x150.webp 150w, https:\/\/lyomark.com\/site\/wp-content\/uploads\/vertrieb-1-768x768.webp 768w, https:\/\/lyomark.com\/site\/wp-content\/uploads\/vertrieb-1.webp 1024w\" sizes=\"auto, (max-width: 300px) 100vw, 300px\" \/><span aria-hidden=\"true\" class=\"wp-block-cover__background has-background-dim-0 has-background-dim\" style=\"background-color:#dddddb\"><\/span><div class=\"wp-block-cover__inner-container is-layout-flow wp-block-cover-is-layout-flow\">\n<p class=\"has-text-align-center has-large-font-size\"><\/p>\n<\/div><\/div>\n<\/div>\n\n\n\n<div class=\"wp-block-column is-vertically-aligned-top is-layout-flow wp-container-core-column-is-layout-5e176dee wp-block-column-is-layout-flow\" style=\"padding-bottom:var(--wp--preset--spacing--small)\">\n<div class=\"wp-block-group has-global-padding is-layout-constrained wp-container-core-group-is-layout-f5f3bcb8 wp-block-group-is-layout-constrained\">\n<ul class=\"wp-block-list\">\n<li>Direct sales in the German hospital market<\/li>\n\n\n\n<li>International licensing and collaborations with distribution partners<\/li>\n<\/ul>\n<\/div>\n\n\n\n<div class=\"wp-block-buttons gbutton is-layout-flex wp-block-buttons-is-layout-flex\">\n<div class=\"wp-block-button is-style-fill\"><a class=\"wp-block-button__link wp-element-button\" href=\"\/en\/business-streams\/#vertrieb\" style=\"border-bottom-left-radius:0px;border-bottom-right-radius:10px\">Learn more<\/a><\/div>\n<\/div>\n<\/div>\n<\/div>\n<\/div>\n<\/div>\n<\/div>\n<\/div>\n<\/div>\n\n\n\n<div class=\"wp-block-group alignfull news is-layout-flow wp-container-core-group-is-layout-d85fb94f wp-block-group-is-layout-flow\" style=\"margin-top:0px;margin-bottom:0rem;padding-top:0px;padding-bottom:0px\">\n<div class=\"wp-block-group alignfull wavy-divider-remove-margin wavy-divider-remove-padding has-tertiary-background-color has-background is-layout-flow wp-block-group-is-layout-flow\">\n<div class=\"wp-block-wavy-wavy-divider alignfull has-base-background-color has-background\"><svg fill=\"none\" role=\"separator\" viewbox=\"0 0 100 300\" preserveaspectratio=\"none\" aria-orientation=\"horizontal\" aria-hidden=\"true\" style=\"height:300px;width:100%;display:block\"><path style=\"transition:all .5s ease;opacity:1\" fill=\"var(--wp--preset--color--base)\" d=\"M 0,150 Q 50,12 100,210 V 300 H 0 Z\"><\/path><\/svg><\/div>\n<\/div>\n\n\n\n<div class=\"wp-block-group alignwide sectionWhite has-global-padding is-layout-constrained wp-container-core-group-is-layout-d7da1517 wp-block-group-is-layout-constrained\" style=\"margin-top:0px;margin-bottom:0px\">\n<div class=\"wp-block-group alignfull sectionInner has-global-padding is-layout-constrained wp-container-core-group-is-layout-4b99461e wp-block-group-is-layout-constrained\">\n<div class=\"wp-block-columns alignwide is-layout-flex wp-container-core-columns-is-layout-fb187c8c wp-block-columns-is-layout-flex\">\n<div class=\"wp-block-column is-vertically-aligned-center is-layout-flow wp-block-column-is-layout-flow\" style=\"flex-basis:100%\">\n<div class=\"wp-block-group has-global-padding is-layout-constrained wp-block-group-is-layout-constrained\">\n<h2 class=\"wp-block-heading has-text-align-left\" style=\"line-height:1.3\">Success together \u2013 we see ourselves as your partner on equal terms.<\/h2>\n<\/div>\n<\/div>\n\n\n\n<div class=\"wp-block-column is-vertically-aligned-stretch is-layout-flow wp-container-core-column-is-layout-a77db08e wp-block-column-is-layout-flow\" style=\"border-right-color:var(--wp--preset--color--main-accent);border-right-width:2px;flex-basis:2px\"><\/div>\n\n\n\n<div class=\"wp-block-column is-vertically-aligned-center is-layout-flow wp-block-column-is-layout-flow\" style=\"flex-basis:100%\">\n<div class=\"wp-block-group has-global-padding is-layout-constrained wp-block-group-is-layout-constrained\">\n<p>Our goal is to develop innovative solutions with you, overcome challenges and ensure sustainable success. Transparency, reliability and mutual trust form the basis of our collaboration.<\/p>\n<\/div>\n<\/div>\n<\/div>\n<\/div>\n<\/div>\n\n\n<\/div>","protected":false},"excerpt":{"rendered":"<p>Lyomark &#8211; Ihr Partner f\u00fcr pharmazeutische Sterilprodukte im Krankenhausbereich Seit \u00fcber 30 Jahren stehen wir f\u00fcr h\u00f6chste Qualit\u00e4t, Innovationskraft und partnerschaftliche Zusammenarbeit in der pharmazeutischen Industrie. Lyomark Pharma ist ein mittelst\u00e4ndisches Unternehmen mit Sitz in Oberhaching bei M\u00fcnchen. Wir entwickeln, produzieren und vertreiben sowohl gefriergetrocknete (lyophilisierte) als auch fl\u00fcssige Sterilprodukte f\u00fcr den Krankenhausmarkt. Unsere Kunden [&hellip;]<\/p>\n","protected":false},"author":3,"featured_media":0,"parent":0,"menu_order":0,"comment_status":"closed","ping_status":"closed","template":"page-no-title","meta":{"_seopress_robots_primary_cat":"","_seopress_titles_title":"","_seopress_titles_desc":"","_seopress_robots_index":"","footnotes":""},"class_list":["post-8","page","type-page","status-publish","hentry"],"_links":{"self":[{"href":"https:\/\/lyomark.com\/en\/wp-json\/wp\/v2\/pages\/8","targetHints":{"allow":["GET"]}}],"collection":[{"href":"https:\/\/lyomark.com\/en\/wp-json\/wp\/v2\/pages"}],"about":[{"href":"https:\/\/lyomark.com\/en\/wp-json\/wp\/v2\/types\/page"}],"author":[{"embeddable":true,"href":"https:\/\/lyomark.com\/en\/wp-json\/wp\/v2\/users\/3"}],"replies":[{"embeddable":true,"href":"https:\/\/lyomark.com\/en\/wp-json\/wp\/v2\/comments?post=8"}],"version-history":[{"count":556,"href":"https:\/\/lyomark.com\/en\/wp-json\/wp\/v2\/pages\/8\/revisions"}],"predecessor-version":[{"id":5250,"href":"https:\/\/lyomark.com\/en\/wp-json\/wp\/v2\/pages\/8\/revisions\/5250"}],"wp:attachment":[{"href":"https:\/\/lyomark.com\/en\/wp-json\/wp\/v2\/media?parent=8"}],"curies":[{"name":"wp","href":"https:\/\/api.w.org\/{rel}","templated":true}]}}