{"id":34,"date":"2025-09-25T14:12:07","date_gmt":"2025-09-25T14:12:07","guid":{"rendered":"https:\/\/draft.lyomark.com\/?page_id=34"},"modified":"2026-05-01T07:17:33","modified_gmt":"2026-05-01T07:17:33","slug":"company","status":"publish","type":"page","link":"https:\/\/lyomark.com\/en\/unternehmen\/","title":{"rendered":"Company"},"content":{"rendered":"<div class=\"wp-block-group alignwide has-global-padding is-layout-constrained wp-block-group-is-layout-constrained\">\n<div class=\"wp-block-group alignwide homehero is-nowrap is-layout-flex wp-container-core-group-is-layout-85a00b71 wp-block-group-is-layout-flex\" style=\"padding-top:var(--wp--preset--spacing--xx-large);padding-bottom:0\">\n<div class=\"wp-block-group has-global-padding is-layout-constrained wp-block-group-is-layout-constrained\">\n<h1 class=\"wp-block-heading\">Company<\/h1>\n\n\n\n<hr class=\"wp-block-separator has-text-color has-main-accent-color has-alpha-channel-opacity has-main-accent-background-color has-background is-style-default\" style=\"margin-top:var(--wp--preset--spacing--small);margin-bottom:var(--wp--preset--spacing--small)\"\/>\n\n\n\n<h2 class=\"wp-block-heading\" style=\"margin-top:0px;margin-bottom:0px;padding-top:0px;padding-bottom:0px;line-height:1.2\">Since its founding in 1989, Lyomark Pharma has become an experienced and reliable partner to the pharmaceutical industry.<\/h2>\n<\/div>\n\n\n\n<div class=\"wp-block-group herogrid animated fadeIn has-global-padding is-layout-constrained wp-container-core-group-is-layout-408b0d65 wp-block-group-is-layout-constrained\" style=\"padding-right:0px;padding-left:0px\">\n<div class=\"wp-block-group contImgOne has-global-padding is-layout-constrained wp-block-group-is-layout-constrained\">\n<figure class=\"wp-block-image size-full has-custom-border imgOne\"><img alt=\"\" loading=\"lazy\" decoding=\"async\" width=\"1024\" height=\"1024\" src=\"https:\/\/lyomark.com\/site\/wp-content\/uploads\/building.webp\" class=\"wp-image-5266\" style=\"border-radius:15px\" srcset=\"https:\/\/lyomark.com\/site\/wp-content\/uploads\/building.webp 1024w, https:\/\/lyomark.com\/site\/wp-content\/uploads\/building-300x300.webp 300w, https:\/\/lyomark.com\/site\/wp-content\/uploads\/building-150x150.webp 150w, https:\/\/lyomark.com\/site\/wp-content\/uploads\/building-768x768.webp 768w\" sizes=\"auto, (max-width: 1024px) 100vw, 1024px\" \/><\/figure>\n<\/div>\n\n\n\n<figure class=\"wp-block-image size-full has-custom-border imgTwo\"><img alt=\"\" loading=\"lazy\" decoding=\"async\" width=\"1024\" height=\"1024\" src=\"https:\/\/lyomark.com\/site\/wp-content\/uploads\/building.webp\" class=\"wp-image-5266\" style=\"border-radius:15px\" srcset=\"https:\/\/lyomark.com\/site\/wp-content\/uploads\/building.webp 1024w, https:\/\/lyomark.com\/site\/wp-content\/uploads\/building-300x300.webp 300w, https:\/\/lyomark.com\/site\/wp-content\/uploads\/building-150x150.webp 150w, https:\/\/lyomark.com\/site\/wp-content\/uploads\/building-768x768.webp 768w\" sizes=\"auto, (max-width: 1024px) 100vw, 1024px\" \/><\/figure>\n\n\n\n<figure class=\"wp-block-image size-full has-custom-border imgThree\"><img alt=\"\" loading=\"lazy\" decoding=\"async\" width=\"1024\" height=\"1024\" src=\"https:\/\/lyomark.com\/site\/wp-content\/uploads\/building.webp\" class=\"wp-image-5266\" style=\"border-radius:15px\" srcset=\"https:\/\/lyomark.com\/site\/wp-content\/uploads\/building.webp 1024w, https:\/\/lyomark.com\/site\/wp-content\/uploads\/building-300x300.webp 300w, https:\/\/lyomark.com\/site\/wp-content\/uploads\/building-150x150.webp 150w, https:\/\/lyomark.com\/site\/wp-content\/uploads\/building-768x768.webp 768w\" sizes=\"auto, (max-width: 1024px) 100vw, 1024px\" \/><\/figure>\n<\/div>\n<\/div>\n<\/div>\n\n\n\n<div class=\"wp-block-group alignfull firstSection has-custom-light-grey-gradient-background has-background is-layout-flow wp-block-group-is-layout-flow\" style=\"margin-top:-200px;margin-bottom:0px\">\n<div class=\"wp-block-group alignfull wavy-divider-remove-margin wavy-divider-remove-padding has-tertiary-background-color has-background is-layout-flow wp-block-group-is-layout-flow\" style=\"margin-top:0;margin-bottom:0;padding-right:0px;padding-left:0px\">\n<div class=\"wp-block-wavy-wavy-divider alignfull has-base-background-color has-background\"><svg fill=\"none\" role=\"separator\" viewbox=\"0 0 100 500\" preserveaspectratio=\"none\" aria-orientation=\"horizontal\" aria-hidden=\"true\" style=\"height:500px;width:100%;display:block\"><path style=\"transition:all .5s ease;opacity:1\" fill=\"var(--wp--preset--color--base)\" d=\"M 0,300 Q 50,500 100,0 V 0 H 0 Z\"><\/path><\/svg><\/div>\n<\/div>\n\n\n\n<div class=\"wp-block-group alignwide section has-tertiary-background-color has-background has-global-padding is-layout-constrained wp-container-core-group-is-layout-b2f02d94 wp-block-group-is-layout-constrained\" style=\"margin-top:0;margin-bottom:0;padding-top:0;padding-bottom:0\">\n<div class=\"wp-block-columns alignwide are-vertically-aligned-top is-layout-flex wp-container-core-columns-is-layout-e1a2089c wp-block-columns-is-layout-flex\">\n<div class=\"wp-block-column is-vertically-aligned-top is-layout-flow wp-block-column-is-layout-flow\" style=\"flex-basis:100%\">\n<div class=\"wp-block-group is-layout-flow wp-block-group-is-layout-flow\" style=\"margin-bottom:var(--wp--preset--spacing--medium)\">\n<h3 class=\"wp-block-heading has-text-align-left\" style=\"font-size:clamp(1.25rem, 1.25rem + ((1vw - 0.2rem) * 1.277), 2rem);line-height:1.3\">About Us<\/h3>\n\n\n\n<figure class=\"wp-block-pullquote has-text-align-left has-base-background-color has-background has-base-font-size\" style=\"border-style:none;border-width:0px;border-radius:15px;margin-top:var(--wp--preset--spacing--medium);margin-right:0px;margin-bottom:0px;margin-left:0px;padding-top:1.5rem;padding-right:1.5rem;padding-bottom:1.5rem;padding-left:1.5rem\"><blockquote><p>Through many years of extensive experience in all areas of pharmaceuticals \u2013 from manufacturing to sales \u2013 Lyomark has developed into an experienced and reliable partner for the pharmaceutical industry!<\/p><\/blockquote><\/figure>\n<\/div>\n<\/div>\n\n\n\n<div class=\"wp-block-column is-vertically-aligned-top is-layout-flow wp-container-core-column-is-layout-a77db08e wp-block-column-is-layout-flow\" style=\"border-right-color:var(--wp--preset--color--main-accent);border-right-width:2px;flex-basis:2px\"><\/div>\n\n\n\n<div class=\"wp-block-column is-vertically-aligned-top is-layout-flow wp-block-column-is-layout-flow\" style=\"flex-basis:100%\">\n<div class=\"wp-block-group has-global-padding is-layout-constrained wp-block-group-is-layout-constrained\" style=\"margin-bottom:0\">\n<p>Lyomark Pharma was founded in 1989 as a contract manufacturer of active pharmaceutical ingredients and finished products for niche markets in Oberhaching, near Munich. As the name suggests, Lyomark is a service provider for lyophilised and liquid sterile products and has established itself in this sector of the pharmaceutical industry for over 25 years.<\/p>\n\n\n\n<p>Services for pharmaceutical clients include manufacturing, as well as the provision and maintenance of dossiers and the submission of national and international approvals for well-known pharmaceutical companies.<\/p>\n<\/div>\n<\/div>\n<\/div>\n\n\n\n<div class=\"wp-block-columns alignwide are-vertically-aligned-top is-layout-flex wp-container-core-columns-is-layout-ac89f77c wp-block-columns-is-layout-flex\" style=\"margin-top:var(--wp--preset--spacing--x-large);margin-bottom:0;padding-bottom:0\">\n<div class=\"wp-block-column is-vertically-aligned-top is-layout-flow wp-container-core-column-is-layout-96dfdac3 wp-block-column-is-layout-flow\" style=\"padding-top:0px;padding-bottom:0px;flex-basis:100%\">\n<div class=\"wp-block-group is-layout-flow wp-block-group-is-layout-flow\" style=\"margin-bottom:var(--wp--preset--spacing--medium)\">\n<h3 class=\"wp-block-heading has-text-align-left\" style=\"font-size:clamp(1.25rem, 1.25rem + ((1vw - 0.2rem) * 1.277), 2rem);line-height:1.3\">Philosophy<\/h3>\n\n\n\n<figure class=\"wp-block-pullquote has-text-align-left has-base-background-color has-background has-base-font-size\" style=\"border-style:none;border-width:0px;border-radius:15px;margin-top:var(--wp--preset--spacing--medium);margin-right:0px;margin-bottom:0px;margin-left:0px;padding-top:1.5rem;padding-right:1.5rem;padding-bottom:1.5rem;padding-left:1.5rem\"><blockquote><p>Customer focus combined with outstanding service quality will always be the company's top priority.<\/p><\/blockquote><\/figure>\n<\/div>\n<\/div>\n\n\n\n<div class=\"wp-block-column is-vertically-aligned-top is-layout-flow wp-container-core-column-is-layout-a77db08e wp-block-column-is-layout-flow\" style=\"border-right-color:var(--wp--preset--color--main-accent);border-right-width:2px;flex-basis:2px\"><\/div>\n\n\n\n<div class=\"wp-block-column is-vertically-aligned-top is-layout-flow wp-block-column-is-layout-flow\" style=\"flex-basis:100%\">\n<div class=\"wp-block-group has-global-padding is-layout-constrained wp-block-group-is-layout-constrained\">\n<p>The philosophy of the medium-sized company is to accept and master national and international challenges in all areas \u2013 from production to sales. Lyomark Pharma's recipe for success lies in remaining flexible at all times and being able to react immediately to changing market conditions while complying with the ever-increasing regulatory framework.<\/p>\n\n\n\n<p>Through this philosophy, the medium-sized company has achieved constant development and steady growth in recent years. Every Lyomark Pharma employee is aware of their individual influence on business success. Customer focus, combined with high service quality, is and remains the company's top priority.<\/p>\n<\/div>\n<\/div>\n<\/div>\n\n\n\n<div class=\"wp-block-columns alignwide are-vertically-aligned-top is-layout-flex wp-container-core-columns-is-layout-ac89f77c wp-block-columns-is-layout-flex\" style=\"margin-top:var(--wp--preset--spacing--x-large);margin-bottom:0;padding-bottom:0\">\n<div class=\"wp-block-column is-vertically-aligned-top is-layout-flow wp-container-core-column-is-layout-96dfdac3 wp-block-column-is-layout-flow\" style=\"padding-top:0px;padding-bottom:0px;flex-basis:100%\">\n<div class=\"wp-block-group is-layout-flow wp-block-group-is-layout-flow\" style=\"margin-bottom:var(--wp--preset--spacing--medium)\">\n<h3 class=\"wp-block-heading has-text-align-left\" style=\"font-size:clamp(1.25rem, 1.25rem + ((1vw - 0.2rem) * 1.277), 2rem);line-height:1.3\">Team<\/h3>\n\n\n\n<figure class=\"wp-block-pullquote has-text-align-left has-base-background-color has-background has-base-font-size\" style=\"border-style:none;border-width:0px;border-radius:15px;margin-top:var(--wp--preset--spacing--medium);margin-right:0px;margin-bottom:0px;margin-left:0px;padding-top:1.5rem;padding-right:1.5rem;padding-bottom:1.5rem;padding-left:1.5rem\"><blockquote><p>We see Lyomark's culture as a competitive advantage and strive to create an environment where smart, motivated and creative people can thrive.<\/p><\/blockquote><\/figure>\n<\/div>\n<\/div>\n\n\n\n<div class=\"wp-block-column is-vertically-aligned-top is-layout-flow wp-container-core-column-is-layout-a77db08e wp-block-column-is-layout-flow\" style=\"border-right-color:var(--wp--preset--color--main-accent);border-right-width:2px;flex-basis:2px\"><\/div>\n\n\n\n<div class=\"wp-block-column is-vertically-aligned-top is-layout-flow wp-block-column-is-layout-flow\" style=\"flex-basis:100%\">\n<div class=\"wp-block-group has-global-padding is-layout-constrained wp-block-group-is-layout-constrained\">\n<p>Behind our products, solutions, and services is a team of professionals with extensive experience and knowledge in the pharmaceutical sector. Our employees are dedicated team players, bringing energy, ideas and pride to their work.<\/p>\n\n\n\n<p>Since 1 October 2021, Dr Wolfgang Burger has taken over the management. Dr Burger has over 30 years of experience in the pharmaceutical industry, most recently as Managing Director of PharmaZell GmbH.<\/p>\n\n\n\n<p>With effect from 1st April 2022, Dr. Dirk H\u00fctten has joined Mr. Dr. Burger on the management board. Dr. H\u00fctten has over 20 years of experience in various international sales roles along the pharmaceutical product supply chain.<\/p>\n<\/div>\n<\/div>\n<\/div>\n<\/div>\n\n\n\n<div class=\"wp-block-group alignfull wavy-divider-remove-margin wavy-divider-remove-padding has-tertiary-background-color has-background is-layout-flow wp-block-group-is-layout-flow\">\n<div class=\"wp-block-wavy-wavy-divider alignfull has-base-background-color has-background\"><svg fill=\"none\" role=\"separator\" viewbox=\"0 0 100 300\" preserveaspectratio=\"none\" aria-orientation=\"horizontal\" aria-hidden=\"true\" style=\"height:300px;width:100%;display:block\"><path style=\"transition:all .5s ease;opacity:1\" fill=\"var(--wp--preset--color--base)\" d=\"M 0,150 Q 50,12 100,210 V 300 H 0 Z\"><\/path><\/svg><\/div>\n<\/div>\n\n\n\n<div class=\"wp-block-group alignwide section has-base-background-color has-background has-global-padding is-layout-constrained wp-container-core-group-is-layout-f8866a08 wp-block-group-is-layout-constrained\" style=\"margin-top:0px;margin-bottom:0px\">\n<div class=\"wp-block-group alignwide is-layout-flow wp-block-group-is-layout-flow\" style=\"margin-bottom:0\">\n<h3 class=\"wp-block-heading has-text-align-left\" style=\"padding-bottom:var(--wp--preset--spacing--small);font-size:clamp(1.25rem, 1.25rem + ((1vw - 0.2rem) * 1.277), 2rem);line-height:1.3\">Milestones<\/h3>\n\n\n\n<div class=\"wp-block-atlb-timeline-block desk_center_layout tab_center_layout mob_left_layout atlb__2c1dd571\">\n<div class=\"wp-block-atlb-single-timeline-item animated fadeIn o-anim-offset-200px\"><div class=\"timeline__content box__shadow\">\n<p style=\"margin-top:0px;margin-bottom:0px\">Integration of Lyomark Pharma as a service provider for the manufacture of Edelfosine.<\/p>\n<\/div><div class=\"timeline__marker\"><i class=\"far fa-star\"><\/i><\/div><div class=\"timeline__date\"><div class=\"time__date_content enabled__box_shadow\"><p class=\"event__date\">1998<\/p><\/div><\/div><\/div>\n\n\n\n<div class=\"wp-block-atlb-single-timeline-item animated fadeIn o-anim-offset-200px\"><div class=\"timeline__content box__shadow\">\n<p style=\"margin-top:0px;margin-bottom:0px\">In November, Dr. Helmut Wolf will become Chief Executive Officer.<\/p>\n<\/div><div class=\"timeline__marker\"><i class=\"far fa-star\"><\/i><\/div><div class=\"timeline__date\"><div class=\"time__date_content enabled__box_shadow\"><p class=\"event__date\">1994<\/p><\/div><\/div><\/div>\n\n\n\n<div class=\"wp-block-atlb-single-timeline-item animated fadeIn o-anim-offset-200px\"><div class=\"timeline__content box__shadow\">\n<p>Extension for a contract manufacturing service provider for sterile<br>Products with somatostatin as the first product.<\/p>\n<\/div><div class=\"timeline__marker\"><i class=\"far fa-star\"><\/i><\/div><div class=\"timeline__date\"><div class=\"time__date_content enabled__box_shadow\"><p class=\"event__date\">1995<\/p><\/div><\/div><\/div>\n\n\n\n<div class=\"wp-block-atlb-single-timeline-item animated fadeIn o-anim-offset-200px\"><div class=\"timeline__content box__shadow\">\n<p>Development of Octreotide.<\/p>\n<\/div><div class=\"timeline__marker\"><i class=\"far fa-star\"><\/i><\/div><div class=\"timeline__date\"><div class=\"time__date_content enabled__box_shadow\"><p class=\"event__date\">2001<\/p><\/div><\/div><\/div>\n\n\n\n<div class=\"wp-block-atlb-single-timeline-item animated fadeIn o-anim-offset-200px\"><div class=\"timeline__content box__shadow\">\n<p>Vancomycin development.<\/p>\n<\/div><div class=\"timeline__marker\"><i class=\"far fa-star\"><\/i><\/div><div class=\"timeline__date\"><div class=\"time__date_content enabled__box_shadow\"><p class=\"event__date\">2002<\/p><\/div><\/div><\/div>\n\n\n\n<div class=\"wp-block-atlb-single-timeline-item animated fadeIn o-anim-offset-200px\"><div class=\"timeline__content box__shadow\">\n<p>Submission of international registrations for Lyomark generics.<\/p>\n<\/div><div class=\"timeline__marker\"><i class=\"far fa-star\"><\/i><\/div><div class=\"timeline__date\"><div class=\"time__date_content enabled__box_shadow\"><p class=\"event__date\">2003<\/p><\/div><\/div><\/div>\n\n\n\n<div class=\"wp-block-atlb-single-timeline-item animated fadeIn o-anim-offset-200px\"><div class=\"timeline__content box__shadow\">\n<p style=\"margin-top:0px;margin-bottom:0px\">International sales partner for medicinal products and active ingredients.<\/p>\n<\/div><div class=\"timeline__marker\"><i class=\"far fa-star\"><\/i><\/div><div class=\"timeline__date\"><div class=\"time__date_content enabled__box_shadow\"><p class=\"event__date\">2005<\/p><\/div><\/div><\/div>\n\n\n\n<div class=\"wp-block-atlb-single-timeline-item animated fadeIn o-anim-offset-200px\"><div class=\"timeline__content box__shadow\">\n<p style=\"margin-top:0px;margin-bottom:0px\">Acquisition of Alveofact\u00ae from Boehringer Ingelheim.<\/p>\n\n\n\n<p style=\"margin-top:0px;margin-bottom:0px\">Founding of the sister company Bendalis GmbH.<\/p>\n<\/div><div class=\"timeline__marker\"><i class=\"far fa-star\"><\/i><\/div><div class=\"timeline__date\"><div class=\"time__date_content enabled__box_shadow\"><p class=\"event__date\">2006<\/p><\/div><\/div><\/div>\n\n\n\n<div class=\"wp-block-atlb-single-timeline-item animated fadeIn o-anim-offset-200px\"><div class=\"timeline__content box__shadow\">\n<p style=\"margin-top:0px;margin-bottom:0px\">Establishment of your own sales organisation in Germany.<\/p>\n<\/div><div class=\"timeline__marker\"><i class=\"far fa-star\"><\/i><\/div><div class=\"timeline__date\"><div class=\"time__date_content enabled__box_shadow\"><p class=\"event__date\">2007<\/p><\/div><\/div><\/div>\n\n\n\n<div class=\"wp-block-atlb-single-timeline-item animated fadeIn o-anim-offset-200px\"><div class=\"timeline__content box__shadow\">\n<p>International registrations for Alveofact\u00ae.<\/p>\n<\/div><div class=\"timeline__marker\"><i class=\"far fa-star\"><\/i><\/div><div class=\"timeline__date\"><div class=\"time__date_content enabled__box_shadow\"><p class=\"event__date\">2009<\/p><\/div><\/div><\/div>\n\n\n\n<div class=\"wp-block-atlb-single-timeline-item animated fadeIn o-anim-offset-200px\"><div class=\"timeline__content box__shadow\">\n<p>Approval of Ciprofloxacin, Levofloxacin and Fluconazole.<\/p>\n<\/div><div class=\"timeline__marker\"><i class=\"far fa-star\"><\/i><\/div><div class=\"timeline__date\"><div class=\"time__date_content enabled__box_shadow\"><p class=\"event__date\">2014<\/p><\/div><\/div><\/div>\n\n\n\n<div class=\"wp-block-atlb-single-timeline-item animated fadeIn o-anim-offset-200px\"><div class=\"timeline__content box__shadow\">\n<p>Approval of NeoKay\u00ae in Germany.<\/p>\n<\/div><div class=\"timeline__marker\"><i class=\"far fa-star\"><\/i><\/div><div class=\"timeline__date\"><div class=\"time__date_content enabled__box_shadow\"><p class=\"event__date\">2016<\/p><\/div><\/div><\/div>\n\n\n\n<div class=\"wp-block-atlb-single-timeline-item animated fadeIn o-anim-offset-200px\"><div class=\"timeline__content box__shadow\">\n<p>Acquisition of a majority stake in LYOCONTRACT.<\/p>\n<\/div><div class=\"timeline__marker\"><i class=\"far fa-star\"><\/i><\/div><div class=\"timeline__date\"><div class=\"time__date_content enabled__box_shadow\"><p class=\"event__date\">2017<\/p><\/div><\/div><\/div>\n<div class=\"timeline__bar\"><\/div><\/div>\n<\/div>\n<\/div>\n\n\n\n<div class=\"wp-block-group alignfull wavy-divider-remove-margin wavy-divider-remove-padding has-tertiary-background-color has-background is-layout-flow wp-block-group-is-layout-flow\">\n<div class=\"wp-block-wavy-wavy-divider alignfull has-base-background-color has-background\"><svg fill=\"none\" role=\"separator\" viewbox=\"0 0 100 300\" preserveaspectratio=\"none\" aria-orientation=\"horizontal\" aria-hidden=\"true\" style=\"height:300px;width:100%;display:block\"><path style=\"transition:all .5s ease;opacity:1\" fill=\"var(--wp--preset--color--base)\" d=\"M 0,180 Q 50,300 100,0 V 0 H 0 Z\"><\/path><\/svg><\/div>\n<\/div>\n\n\n\n<div class=\"wp-block-group alignwide section has-tertiary-background-color has-background has-global-padding is-layout-constrained wp-container-core-group-is-layout-23130963 wp-block-group-is-layout-constrained\" style=\"margin-top:0px;margin-bottom:0px;padding-top:0;padding-bottom:0\">\n<div class=\"wp-block-columns alignwide are-vertically-aligned-top is-layout-flex wp-container-core-columns-is-layout-7eb77258 wp-block-columns-is-layout-flex\" style=\"margin-top:0\">\n<div class=\"wp-block-column is-vertically-aligned-top is-layout-flow wp-block-column-is-layout-flow\" style=\"flex-basis:100%\">\n<div class=\"wp-block-group has-global-padding is-layout-constrained wp-block-group-is-layout-constrained\" style=\"margin-bottom:var(--wp--preset--spacing--medium)\">\n<h3 class=\"wp-block-heading has-text-align-left\" style=\"font-size:clamp(1.25rem, 1.25rem + ((1vw - 0.2rem) * 1.277), 2rem);line-height:1.3\">Quality Management<\/h3>\n\n\n\n<figure class=\"wp-block-pullquote has-text-align-left has-base-background-color has-background has-base-font-size\" style=\"border-style:none;border-width:0px;border-radius:15px;margin-top:var(--wp--preset--spacing--medium);margin-right:0px;margin-bottom:0px;margin-left:0px;padding-top:1.5rem;padding-right:1.5rem;padding-bottom:1.5rem;padding-left:1.5rem\"><blockquote><p>We will gladly provide you with information on our quality policy upon request.<\/p><\/blockquote><\/figure>\n<\/div>\n<\/div>\n\n\n\n<div class=\"wp-block-column is-vertically-aligned-top is-layout-flow wp-container-core-column-is-layout-a77db08e wp-block-column-is-layout-flow\" style=\"border-right-color:var(--wp--preset--color--main-accent);border-right-width:2px;flex-basis:2px\"><\/div>\n\n\n\n<div class=\"wp-block-column is-vertically-aligned-top is-layout-flow wp-block-column-is-layout-flow\" style=\"flex-basis:100%\">\n<div class=\"wp-block-group has-global-padding is-layout-constrained wp-block-group-is-layout-constrained\">\n<p>Lyomark Pharma GmbH places great importance on quality.<\/p>\n\n\n\n<p>With GMP and GDP certification, as well as a manufacturing and wholesale licence, we meet all expectations for the production and distribution of our products.<\/p>\n\n\n\n<p>This means all our customers and stakeholders can rely on Lyomark Pharma's quality standards.<\/p>\n<\/div>\n<\/div>\n<\/div>\n<\/div>\n<\/div>\n\n\n\n<div class=\"wp-block-group alignfull news is-layout-flow wp-container-core-group-is-layout-be3d870c wp-block-group-is-layout-flow\" style=\"margin-top:0px;margin-bottom:-5rem;padding-top:0px;padding-bottom:0px\">\n<div class=\"wp-block-group alignfull wavy-divider-remove-margin wavy-divider-remove-padding has-tertiary-background-color has-background is-layout-flow wp-block-group-is-layout-flow\">\n<div class=\"wp-block-wavy-wavy-divider alignfull has-base-background-color has-background\"><svg fill=\"none\" role=\"separator\" viewbox=\"0 0 100 300\" preserveaspectratio=\"none\" aria-orientation=\"horizontal\" aria-hidden=\"true\" style=\"height:300px;width:100%;display:block\"><path style=\"transition:all .5s ease;opacity:1\" fill=\"var(--wp--preset--color--base)\" d=\"M 0,150 Q 50,12 100,210 V 300 H 0 Z\"><\/path><\/svg><\/div>\n<\/div>\n\n\n\n<div class=\"wp-block-group alignwide has-global-padding is-layout-constrained wp-container-core-group-is-layout-6dbe9be8 wp-block-group-is-layout-constrained\" style=\"padding-top:0;padding-bottom:0\">\n<div class=\"wp-block-columns alignwide are-vertically-aligned-top is-layout-flex wp-container-core-columns-is-layout-fb187c8c wp-block-columns-is-layout-flex\">\n<div class=\"wp-block-column is-vertically-aligned-top is-layout-flow wp-block-column-is-layout-flow\" style=\"flex-basis:100%\">\n<div class=\"wp-block-group has-global-padding is-layout-constrained wp-block-group-is-layout-constrained\">\n<p>Our sister company, Bendalis GmbH, was founded in 2006 and specialises in the development and marketing of high-quality oncology medicines for the treatment of cancer.<\/p>\n\n\n\n<p>As a company with global operations, based in Germany, we see it as our responsibility to provide our customers with products of impeccable quality, manufactured to European quality standards.<\/p>\n<\/div>\n<\/div>\n\n\n\n<div class=\"wp-block-column is-vertically-aligned-top is-layout-flow wp-container-core-column-is-layout-a77db08e wp-block-column-is-layout-flow\" style=\"border-right-color:var(--wp--preset--color--main-accent);border-right-width:2px;flex-basis:2px\"><\/div>\n\n\n\n<div class=\"wp-block-column is-vertically-aligned-top is-layout-flow wp-block-column-is-layout-flow\" style=\"border-style:none;border-width:0px;border-radius:0px;flex-basis:100%\">\n<div class=\"wp-block-group has-global-padding is-layout-constrained wp-block-group-is-layout-constrained\" style=\"border-style:none;border-width:0px;border-radius:0px\">\n<figure class=\"wp-block-image size-full is-resized has-custom-border partnerlogo\"><a href=\"https:\/\/bendalis.com\"><img loading=\"lazy\" decoding=\"async\" width=\"500\" height=\"162\" src=\"https:\/\/lyomark.com\/site\/wp-content\/uploads\/bendalis@2.png\" alt=\"Bendalis GmbH\" class=\"wp-image-4107\" style=\"border-style:none;border-width:0px;border-radius:0px;width:250px\" srcset=\"https:\/\/lyomark.com\/site\/wp-content\/uploads\/bendalis@2.png 500w, https:\/\/lyomark.com\/site\/wp-content\/uploads\/bendalis@2-300x97.png 300w\" sizes=\"auto, (max-width: 500px) 100vw, 500px\" \/><\/a><\/figure>\n<\/div>\n<\/div>\n<\/div>\n<\/div>\n<\/div>","protected":false},"excerpt":{"rendered":"<p>Unternehmen Seit der Gr\u00fcndung 1989 hat sich Lyomark Pharma zu einem erfahrenen und verl\u00e4sslichen Partner der pharmazeutischen Industrie entwickelt. \u00dcber uns Durch die langj\u00e4hrige und umfassende Erfahrung in s\u00e4mtlichen pharmazeutischen Bereichen \u2013 von der Herstellung bis zum Vertrieb \u2013 hat sich Lyomark zum erfahrenen und verl\u00e4sslichen Partner der pharmazeutischen Industrie entwickelt! Lyomark Pharma wurde im [&hellip;]<\/p>\n","protected":false},"author":3,"featured_media":0,"parent":0,"menu_order":0,"comment_status":"closed","ping_status":"closed","template":"page-no-title","meta":{"_seopress_robots_primary_cat":"","_seopress_titles_title":"","_seopress_titles_desc":"","_seopress_robots_index":"","footnotes":""},"class_list":["post-34","page","type-page","status-publish","hentry"],"_links":{"self":[{"href":"https:\/\/lyomark.com\/en\/wp-json\/wp\/v2\/pages\/34","targetHints":{"allow":["GET"]}}],"collection":[{"href":"https:\/\/lyomark.com\/en\/wp-json\/wp\/v2\/pages"}],"about":[{"href":"https:\/\/lyomark.com\/en\/wp-json\/wp\/v2\/types\/page"}],"author":[{"embeddable":true,"href":"https:\/\/lyomark.com\/en\/wp-json\/wp\/v2\/users\/3"}],"replies":[{"embeddable":true,"href":"https:\/\/lyomark.com\/en\/wp-json\/wp\/v2\/comments?post=34"}],"version-history":[{"count":148,"href":"https:\/\/lyomark.com\/en\/wp-json\/wp\/v2\/pages\/34\/revisions"}],"predecessor-version":[{"id":5276,"href":"https:\/\/lyomark.com\/en\/wp-json\/wp\/v2\/pages\/34\/revisions\/5276"}],"wp:attachment":[{"href":"https:\/\/lyomark.com\/en\/wp-json\/wp\/v2\/media?parent=34"}],"curies":[{"name":"wp","href":"https:\/\/api.w.org\/{rel}","templated":true}]}}